{"id":872,"date":"2018-01-08T12:39:38","date_gmt":"2018-01-08T11:39:38","guid":{"rendered":"http:\/\/alfin.at\/?page_id=872"},"modified":"2018-01-09T15:28:08","modified_gmt":"2018-01-09T14:28:08","slug":"impressum","status":"publish","type":"page","link":"http:\/\/alfin.at\/?page_id=872","title":{"rendered":"Impressum"},"content":{"rendered":"<div class=\"wpb-content-wrapper\"><p>[vc_row][vc_column]<div id=\"ultimate-heading-460069f2a2851626e\" class=\"uvc-heading ult-adjust-bottom-margin ultimate-heading-460069f2a2851626e uvc-8749  uvc-heading-default-font-sizes\" data-hspacer=\"no_spacer\"  data-halign=\"center\" style=\"text-align:center\"><div class=\"uvc-heading-spacer no_spacer\" style=\"top\"><\/div><div class=\"uvc-main-heading ult-responsive\"  data-ultimate-target='.uvc-heading.ultimate-heading-460069f2a2851626e h2'  data-responsive-json-new='{\"font-size\":\"\",\"line-height\":\"\"}' ><h2 style=\"--font-weight:theme;\">Impressum<\/h2><\/div><\/div>[vc_empty_space height=&#8220;50px&#8220;][\/vc_column][\/vc_row][vc_row][vc_column][vc_column_text]<\/p>\n<p style=\"text-align: center;\"><strong>Medieninhaber <\/strong>&#8211; ALFIN Management KG<strong><br \/>\n<\/strong><\/p>\n<p style=\"text-align: center;\"><strong>Kontakt:<\/strong><\/p>\n<p style=\"text-align: center;\">ALFIN Management KG<br \/>\nWerdertorgasse 12\/7<br \/>\nA \u2013 1010 Wien<\/p>\n<div class=\"aio-icon-description ult-responsive\" style=\"text-align: center;\" data-ultimate-target=\"#Info-box-wrap-7419 .aio-icon-description\" data-responsive-json-new=\"{&quot;font-size&quot;:&quot;&quot;,&quot;line-height&quot;:&quot;&quot;}\">\n<p>T +43(0)1 343 01 42 40<br \/>\nF +43(0)1 343 01 42 99<\/p>\n<div class=\"aio-icon-header\">\n<p class=\"aio-icon-title ult-responsive\" data-ultimate-target=\"#Info-box-wrap-5781 .aio-icon-title\" data-responsive-json-new=\"{&quot;font-size&quot;:&quot;&quot;,&quot;line-height&quot;:&quot;&quot;}\"><strong>E-Mail<\/strong><\/p>\n<\/div>\n<div class=\"aio-icon-description ult-responsive\" data-ultimate-target=\"#Info-box-wrap-5781 .aio-icon-description\" data-responsive-json-new=\"{&quot;font-size&quot;:&quot;&quot;,&quot;line-height&quot;:&quot;&quot;}\">\n<p>office@alfin.at<\/p>\n<p><strong>Umsatzsteuer-Identifikationsnummer<\/strong>:<strong>\u00a0<\/strong> <span id=\"ext-gen1822\"> ATU66977667<\/span><\/p>\n<\/div>\n<\/div>\n<div style=\"text-align: center;\" data-ultimate-target=\"#Info-box-wrap-5781 .aio-icon-description\" data-responsive-json-new=\"{&quot;font-size&quot;:&quot;&quot;,&quot;line-height&quot;:&quot;&quot;}\"><\/div>\n<div style=\"text-align: center;\" data-ultimate-target=\"#Info-box-wrap-5781 .aio-icon-description\" data-responsive-json-new=\"{&quot;font-size&quot;:&quot;&quot;,&quot;line-height&quot;:&quot;&quot;}\"><strong>Firmenbuchnummer<\/strong>: <span id=\"ext-gen1822\">370 804 a<\/span><strong><br \/>\n<\/strong><\/div>\n<div style=\"text-align: center;\" data-ultimate-target=\"#Info-box-wrap-5781 .aio-icon-description\" data-responsive-json-new=\"{&quot;font-size&quot;:&quot;&quot;,&quot;line-height&quot;:&quot;&quot;}\"><\/div>\n<div style=\"text-align: center;\" data-ultimate-target=\"#Info-box-wrap-5781 .aio-icon-description\" data-responsive-json-new=\"{&quot;font-size&quot;:&quot;&quot;,&quot;line-height&quot;:&quot;&quot;}\">www.alfin.at<\/div>\n<div class=\"aio-icon-description ult-responsive\" data-ultimate-target=\"#Info-box-wrap-7419 .aio-icon-description\" data-responsive-json-new=\"{&quot;font-size&quot;:&quot;&quot;,&quot;line-height&quot;:&quot;&quot;}\"><\/div>\n<p>[\/vc_column_text][\/vc_column][\/vc_row][vc_row][vc_column]<div id=\"ultimate-heading-912969f2a285162cc\" class=\"uvc-heading ult-adjust-bottom-margin ultimate-heading-912969f2a285162cc uvc-6681  uvc-heading-default-font-sizes\" data-hspacer=\"no_spacer\"  data-halign=\"center\" style=\"text-align:center\"><div class=\"uvc-heading-spacer no_spacer\" style=\"top\"><\/div><div class=\"uvc-sub-heading ult-responsive\"  data-ultimate-target='.uvc-heading.ultimate-heading-912969f2a285162cc .uvc-sub-heading '  data-responsive-json-new='{\"font-size\":\"\",\"line-height\":\"\"}'  style=\"font-weight:normal;\"><strong>Copyright:<\/strong> Inhaber dieser Website ist die ALFIN Management KG. Alle Inhalte dieser Website dienen \u2013 im Sinne einer Eigenpr\u00e4sentation \u2013 der pers\u00f6nlichen Information \u00fcber Leistungsspektrum und Team der ALFIN Management KG. Eine Weiterverwendung oder Reproduktion der Inhalte, ganz oder teilweise, \u00fcber den pers\u00f6nlichen Gebrauch hinaus, ist ohne ausdr\u00fcckliche vorherige schriftliche Genehmigung nicht gestattet. Bilder d\u00fcrfen nicht ohne ausdr\u00fcckliche vorherige schriftliche Genehmigung des jeweiligen Copyrightinhabers ver\u00f6ffentlicht oder weiterverarbeitet werden.<\/p>\n<p><strong>Rechtliche Informationen:<\/strong> S\u00e4mtliche Inhalte dieser Website wurden mit gro\u00dfer Sorgfalt recherchiert und aufbereitet. Dennoch sind Fehler und Irrt\u00fcmer nicht ausgeschlossen, sodass die ALFIN Management KG Garantie f\u00fcr Richtigkeit, Vollst\u00e4ndigkeit und Aktualit\u00e4t der enthaltenen Informationen \u00fcbernehmen kann. Die ALFIN Management KG schlie\u00dft jegliche Haftung f\u00fcr Sch\u00e4den, die direkt oder indirekt aus der Benutzung dieser Website entstehen, aus. Die ALFIN Management KG \u00fcbernimmt auch keine Verantwortung oder Haftung hinsichtlich der Inhalte der Websites, auf die von dieser Site aus \u00fcber einen Link zugegriffen wird.<\/div><\/div>[\/vc_column][\/vc_row]<\/p>\n<\/div>","protected":false},"excerpt":{"rendered":"<p>[vc_row][vc_column][vc_empty_space height=&#8220;50px&#8220;][\/vc_column][\/vc_row][vc_row][vc_column][vc_column_text] Medieninhaber &#8211; ALFIN Management KG Kontakt: ALFIN Management KG Werdertorgasse 12\/7 A \u2013 1010 Wien T +43(0)1 343 01 42 40 F +43(0)1 343 01 42 99 E-Mail office@alfin.at Umsatzsteuer-Identifikationsnummer:\u00a0 ATU66977667 Firmenbuchnummer: 370 804 a www.alfin.at [\/vc_column_text][\/vc_column][\/vc_row][vc_row][vc_column][\/vc_column][\/vc_row]<\/p>\n","protected":false},"author":1,"featured_media":0,"parent":0,"menu_order":0,"comment_status":"closed","ping_status":"closed","template":"","meta":{"footnotes":""},"class_list":["post-872","page","type-page","status-publish","hentry","description-off"],"_links":{"self":[{"href":"http:\/\/alfin.at\/index.php?rest_route=\/wp\/v2\/pages\/872","targetHints":{"allow":["GET"]}}],"collection":[{"href":"http:\/\/alfin.at\/index.php?rest_route=\/wp\/v2\/pages"}],"about":[{"href":"http:\/\/alfin.at\/index.php?rest_route=\/wp\/v2\/types\/page"}],"author":[{"embeddable":true,"href":"http:\/\/alfin.at\/index.php?rest_route=\/wp\/v2\/users\/1"}],"replies":[{"embeddable":true,"href":"http:\/\/alfin.at\/index.php?rest_route=%2Fwp%2Fv2%2Fcomments&post=872"}],"version-history":[{"count":7,"href":"http:\/\/alfin.at\/index.php?rest_route=\/wp\/v2\/pages\/872\/revisions"}],"predecessor-version":[{"id":892,"href":"http:\/\/alfin.at\/index.php?rest_route=\/wp\/v2\/pages\/872\/revisions\/892"}],"wp:attachment":[{"href":"http:\/\/alfin.at\/index.php?rest_route=%2Fwp%2Fv2%2Fmedia&parent=872"}],"curies":[{"name":"wp","href":"https:\/\/api.w.org\/{rel}","templated":true}]}}